{"id":87,"date":"2021-10-26T22:02:40","date_gmt":"2021-10-26T20:02:40","guid":{"rendered":"http:\/\/www.emballematable.com\/?page_id=2"},"modified":"2022-07-15T20:43:27","modified_gmt":"2022-07-15T18:43:27","slug":"qui-sommes-nous","status":"publish","type":"page","link":"https:\/\/embalmatable.com\/","title":{"rendered":"Qui sommes nous?"},"content":{"rendered":"\n<div class=\"wp-block-columns\">\n<div class=\"wp-block-column\">\n<h1><strong>Qui sommes nous?<\/strong><\/h1>\n\n\n\n<p><\/p>\n\n\n\n<p><\/p>\n\n\n\n<p><mark style=\"background-color:rgba(0, 0, 0, 0)\" class=\"has-inline-color has-black-color\">L\u2019histoire d\u2019Embal\u2019ma table d\u00e9bute en 1980 sous l\u2019enseigne \u00ab La Vaissellerie \u00bb au 10 rue mi-car\u00e8me \u00e0 Saint-Etienne, magasin dont le slogan \u00e9tait \u00ab chic et pas ch\u00e8re \u00bb.<\/mark><\/p>\n\n\n\n<p class=\"has-black-color has-text-color\"><strong><span style=\"color:#428995\" class=\"has-inline-color\">1982 <\/span><\/strong>La soci\u00e9t\u00e9 d\u00e9veloppe son offre en d\u00e9marrant une activit\u00e9 de Location de mat\u00e9riel de r\u00e9ception, \u00ab Loc\u2019Assiette \u00bb.<\/p>\n\n\n\n<p class=\"has-black-color has-text-color\"><strong><span style=\"color:#428995\" class=\"has-inline-color\">2011 <\/span><\/strong>La vente de vaisselle, mat\u00e9riel, et d\u2019usage unique vient compl\u00e9ter l\u2019activit\u00e9 de Loc\u2019Assiette. Une demande pressante des professionnels nous conduit \u00e0 \u00e9toffer notre gamme, du fouet \u00e0 l\u2019assiette.<\/p>\n\n\n\n<p><strong><span style=\"color:#428995\" class=\"has-inline-color\">2021 <\/span><\/strong><span class=\"has-inline-color has-black-color\">Cr\u00e9ation d\u2019Embal\u2019ma table. Art de la table, cuisine et usage unique, toute l\u2019offre de vente sous une seule entit\u00e9.<\/span><\/p>\n\n\n\n<p><strong><span style=\"color:#428995\" class=\"has-inline-color\">2022 <\/span><\/strong><span class=\"has-inline-color has-black-color\">Lancement du premier catalogue de vente r\u00e9serv\u00e9 aux professionnels.<\/span><\/p>\n\n\n\n<figure class=\"wp-block-image size-large is-resized\"><img loading=\"lazy\" src=\"http:\/\/embalmatable.com\/wp-content\/uploads\/2022\/03\/140104-1024x1024.jpg\" alt=\"\" class=\"wp-image-247\" width=\"418\" height=\"418\" srcset=\"https:\/\/embalmatable.com\/wp-content\/uploads\/2022\/03\/140104-1024x1024.jpg 1024w, https:\/\/embalmatable.com\/wp-content\/uploads\/2022\/03\/140104-300x300.jpg 300w, https:\/\/embalmatable.com\/wp-content\/uploads\/2022\/03\/140104-150x150.jpg 150w, https:\/\/embalmatable.com\/wp-content\/uploads\/2022\/03\/140104-768x768.jpg 768w, https:\/\/embalmatable.com\/wp-content\/uploads\/2022\/03\/140104-1536x1536.jpg 1536w, https:\/\/embalmatable.com\/wp-content\/uploads\/2022\/03\/140104-2048x2048.jpg 2048w, https:\/\/embalmatable.com\/wp-content\/uploads\/2022\/03\/140104-116x116.jpg 116w\" sizes=\"(max-width: 418px) 100vw, 418px\" \/><\/figure>\n<\/div>\n\n\n\n<div class=\"wp-block-column\">\n<figure class=\"wp-block-image size-large\"><img loading=\"lazy\" width=\"522\" height=\"1024\" src=\"http:\/\/embalmatable.com\/wp-content\/uploads\/2022\/03\/Chiffre-1-522x1024.png\" alt=\"\" class=\"wp-image-193\" srcset=\"https:\/\/embalmatable.com\/wp-content\/uploads\/2022\/03\/Chiffre-1-522x1024.png 522w, https:\/\/embalmatable.com\/wp-content\/uploads\/2022\/03\/Chiffre-1-153x300.png 153w, https:\/\/embalmatable.com\/wp-content\/uploads\/2022\/03\/Chiffre-1-31x60.png 31w, https:\/\/embalmatable.com\/wp-content\/uploads\/2022\/03\/Chiffre-1.png 723w\" sizes=\"(max-width: 522px) 100vw, 522px\" \/><\/figure>\n<\/div>\n<\/div>\n","protected":false},"excerpt":{"rendered":"<p>Qui sommes nous? L\u2019histoire d\u2019Embal\u2019ma table d\u00e9bute en 1980 sous l\u2019enseigne \u00ab La Vaissellerie \u00bb au 10 rue mi-car\u00e8me \u00e0 Saint-Etienne, magasin dont le slogan \u00e9tait \u00ab chic et pas ch\u00e8re \u00bb. 1982 La soci\u00e9t\u00e9 d\u00e9veloppe son offre en d\u00e9marrant une activit\u00e9 de Location de mat\u00e9riel de r\u00e9ception, \u00ab Loc\u2019Assiette [&hellip;]<\/p>\n","protected":false},"author":1,"featured_media":0,"parent":0,"menu_order":0,"comment_status":"closed","ping_status":"closed","template":"","meta":[],"yoast_head":"<!-- This site is optimized with the Yoast SEO plugin v19.3 - https:\/\/yoast.com\/wordpress\/plugins\/seo\/ -->\n<title>Qui sommes nous? - EMBAL&#039;MA TABLE<\/title>\n<meta name=\"description\" content=\"Vente d&#039;Arts de la table, Cuisine et Usage Unique pour les professionnels de la restauration sur la r\u00e9gion de Saint Etienne.\" \/>\n<meta name=\"robots\" content=\"index, follow, max-snippet:-1, max-image-preview:large, max-video-preview:-1\" \/>\n<link rel=\"canonical\" href=\"https:\/\/embalmatable.com\/\" \/>\n<meta property=\"og:locale\" content=\"fr_FR\" \/>\n<meta property=\"og:type\" content=\"article\" \/>\n<meta property=\"og:title\" content=\"Qui sommes nous? - EMBAL&#039;MA TABLE\" \/>\n<meta property=\"og:description\" content=\"Vente d&#039;Arts de la table, Cuisine et Usage Unique pour les professionnels de la restauration sur la r\u00e9gion de Saint Etienne.\" \/>\n<meta property=\"og:url\" content=\"https:\/\/embalmatable.com\/\" \/>\n<meta property=\"og:site_name\" content=\"EMBAL&#039;MA TABLE\" \/>\n<meta property=\"article:publisher\" content=\"https:\/\/www.facebook.com\/EmbalMaTable\" \/>\n<meta property=\"article:modified_time\" content=\"2022-07-15T18:43:27+00:00\" \/>\n<meta property=\"og:image\" content=\"http:\/\/embalmatable.com\/wp-content\/uploads\/2022\/03\/140104-1024x1024.jpg\" \/>\n<meta name=\"twitter:card\" content=\"summary_large_image\" \/>\n<meta name=\"twitter:label1\" content=\"Dur\u00e9e de lecture estim\u00e9e\" \/>\n\t<meta name=\"twitter:data1\" content=\"1 minute\" \/>\n<script type=\"application\/ld+json\" class=\"yoast-schema-graph\">{\"@context\":\"https:\/\/schema.org\",\"@graph\":[{\"@type\":\"Organization\",\"@id\":\"https:\/\/embalmatable.com\/#organization\",\"name\":\"Embal'Ma Table\",\"url\":\"https:\/\/embalmatable.com\/\",\"sameAs\":[\"https:\/\/www.instagram.com\/embalmatable\/\",\"https:\/\/www.facebook.com\/EmbalMaTable\"],\"logo\":{\"@type\":\"ImageObject\",\"inLanguage\":\"fr-FR\",\"@id\":\"https:\/\/embalmatable.com\/#\/schema\/logo\/image\/\",\"url\":\"https:\/\/embalmatable.com\/wp-content\/uploads\/2022\/03\/EMBALMA-TABLE.png\",\"contentUrl\":\"https:\/\/embalmatable.com\/wp-content\/uploads\/2022\/03\/EMBALMA-TABLE.png\",\"width\":600,\"height\":200,\"caption\":\"Embal'Ma Table\"},\"image\":{\"@id\":\"https:\/\/embalmatable.com\/#\/schema\/logo\/image\/\"}},{\"@type\":\"WebSite\",\"@id\":\"https:\/\/embalmatable.com\/#website\",\"url\":\"https:\/\/embalmatable.com\/\",\"name\":\"EMBAL&#039;MA TABLE\",\"description\":\"par Loc&#039;Assiette\",\"publisher\":{\"@id\":\"https:\/\/embalmatable.com\/#organization\"},\"potentialAction\":[{\"@type\":\"SearchAction\",\"target\":{\"@type\":\"EntryPoint\",\"urlTemplate\":\"https:\/\/embalmatable.com\/?s={search_term_string}\"},\"query-input\":\"required name=search_term_string\"}],\"inLanguage\":\"fr-FR\"},{\"@type\":\"ImageObject\",\"inLanguage\":\"fr-FR\",\"@id\":\"https:\/\/embalmatable.com\/#primaryimage\",\"url\":\"https:\/\/embalmatable.com\/wp-content\/uploads\/2022\/03\/140104.jpg\",\"contentUrl\":\"https:\/\/embalmatable.com\/wp-content\/uploads\/2022\/03\/140104.jpg\",\"width\":2200,\"height\":2200},{\"@type\":\"WebPage\",\"@id\":\"https:\/\/embalmatable.com\/\",\"url\":\"https:\/\/embalmatable.com\/\",\"name\":\"Qui sommes nous? - EMBAL&#039;MA TABLE\",\"isPartOf\":{\"@id\":\"https:\/\/embalmatable.com\/#website\"},\"primaryImageOfPage\":{\"@id\":\"https:\/\/embalmatable.com\/#primaryimage\"},\"datePublished\":\"2021-10-26T20:02:40+00:00\",\"dateModified\":\"2022-07-15T18:43:27+00:00\",\"description\":\"Vente d'Arts de la table, Cuisine et Usage Unique pour les professionnels de la restauration sur la r\u00e9gion de Saint Etienne.\",\"breadcrumb\":{\"@id\":\"https:\/\/embalmatable.com\/#breadcrumb\"},\"inLanguage\":\"fr-FR\",\"potentialAction\":[{\"@type\":\"ReadAction\",\"target\":[\"https:\/\/embalmatable.com\/\"]}]},{\"@type\":\"BreadcrumbList\",\"@id\":\"https:\/\/embalmatable.com\/#breadcrumb\",\"itemListElement\":[{\"@type\":\"ListItem\",\"position\":1,\"name\":\"Accueil\",\"item\":\"https:\/\/embalmatable.com\/\"},{\"@type\":\"ListItem\",\"position\":2,\"name\":\"Pr\u00e9sentation\"}]}]}<\/script>\n<!-- \/ Yoast SEO plugin. -->","yoast_head_json":{"title":"Qui sommes nous? - EMBAL&#039;MA TABLE","description":"Vente d'Arts de la table, Cuisine et Usage Unique pour les professionnels de la restauration sur la r\u00e9gion de Saint Etienne.","robots":{"index":"index","follow":"follow","max-snippet":"max-snippet:-1","max-image-preview":"max-image-preview:large","max-video-preview":"max-video-preview:-1"},"canonical":"https:\/\/embalmatable.com\/","og_locale":"fr_FR","og_type":"article","og_title":"Qui sommes nous? - EMBAL&#039;MA TABLE","og_description":"Vente d'Arts de la table, Cuisine et Usage Unique pour les professionnels de la restauration sur la r\u00e9gion de Saint Etienne.","og_url":"https:\/\/embalmatable.com\/","og_site_name":"EMBAL&#039;MA TABLE","article_publisher":"https:\/\/www.facebook.com\/EmbalMaTable","article_modified_time":"2022-07-15T18:43:27+00:00","og_image":[{"url":"http:\/\/embalmatable.com\/wp-content\/uploads\/2022\/03\/140104-1024x1024.jpg"}],"twitter_card":"summary_large_image","twitter_misc":{"Dur\u00e9e de lecture estim\u00e9e":"1 minute"},"schema":{"@context":"https:\/\/schema.org","@graph":[{"@type":"Organization","@id":"https:\/\/embalmatable.com\/#organization","name":"Embal'Ma Table","url":"https:\/\/embalmatable.com\/","sameAs":["https:\/\/www.instagram.com\/embalmatable\/","https:\/\/www.facebook.com\/EmbalMaTable"],"logo":{"@type":"ImageObject","inLanguage":"fr-FR","@id":"https:\/\/embalmatable.com\/#\/schema\/logo\/image\/","url":"https:\/\/embalmatable.com\/wp-content\/uploads\/2022\/03\/EMBALMA-TABLE.png","contentUrl":"https:\/\/embalmatable.com\/wp-content\/uploads\/2022\/03\/EMBALMA-TABLE.png","width":600,"height":200,"caption":"Embal'Ma Table"},"image":{"@id":"https:\/\/embalmatable.com\/#\/schema\/logo\/image\/"}},{"@type":"WebSite","@id":"https:\/\/embalmatable.com\/#website","url":"https:\/\/embalmatable.com\/","name":"EMBAL&#039;MA TABLE","description":"par Loc&#039;Assiette","publisher":{"@id":"https:\/\/embalmatable.com\/#organization"},"potentialAction":[{"@type":"SearchAction","target":{"@type":"EntryPoint","urlTemplate":"https:\/\/embalmatable.com\/?s={search_term_string}"},"query-input":"required name=search_term_string"}],"inLanguage":"fr-FR"},{"@type":"ImageObject","inLanguage":"fr-FR","@id":"https:\/\/embalmatable.com\/#primaryimage","url":"https:\/\/embalmatable.com\/wp-content\/uploads\/2022\/03\/140104.jpg","contentUrl":"https:\/\/embalmatable.com\/wp-content\/uploads\/2022\/03\/140104.jpg","width":2200,"height":2200},{"@type":"WebPage","@id":"https:\/\/embalmatable.com\/","url":"https:\/\/embalmatable.com\/","name":"Qui sommes nous? - EMBAL&#039;MA TABLE","isPartOf":{"@id":"https:\/\/embalmatable.com\/#website"},"primaryImageOfPage":{"@id":"https:\/\/embalmatable.com\/#primaryimage"},"datePublished":"2021-10-26T20:02:40+00:00","dateModified":"2022-07-15T18:43:27+00:00","description":"Vente d'Arts de la table, Cuisine et Usage Unique pour les professionnels de la restauration sur la r\u00e9gion de Saint Etienne.","breadcrumb":{"@id":"https:\/\/embalmatable.com\/#breadcrumb"},"inLanguage":"fr-FR","potentialAction":[{"@type":"ReadAction","target":["https:\/\/embalmatable.com\/"]}]},{"@type":"BreadcrumbList","@id":"https:\/\/embalmatable.com\/#breadcrumb","itemListElement":[{"@type":"ListItem","position":1,"name":"Accueil","item":"https:\/\/embalmatable.com\/"},{"@type":"ListItem","position":2,"name":"Pr\u00e9sentation"}]}]}},"_links":{"self":[{"href":"https:\/\/embalmatable.com\/index.php\/wp-json\/wp\/v2\/pages\/87"}],"collection":[{"href":"https:\/\/embalmatable.com\/index.php\/wp-json\/wp\/v2\/pages"}],"about":[{"href":"https:\/\/embalmatable.com\/index.php\/wp-json\/wp\/v2\/types\/page"}],"author":[{"embeddable":true,"href":"https:\/\/embalmatable.com\/index.php\/wp-json\/wp\/v2\/users\/1"}],"replies":[{"embeddable":true,"href":"https:\/\/embalmatable.com\/index.php\/wp-json\/wp\/v2\/comments?post=87"}],"version-history":[{"count":12,"href":"https:\/\/embalmatable.com\/index.php\/wp-json\/wp\/v2\/pages\/87\/revisions"}],"predecessor-version":[{"id":282,"href":"https:\/\/embalmatable.com\/index.php\/wp-json\/wp\/v2\/pages\/87\/revisions\/282"}],"wp:attachment":[{"href":"https:\/\/embalmatable.com\/index.php\/wp-json\/wp\/v2\/media?parent=87"}],"curies":[{"name":"wp","href":"https:\/\/api.w.org\/{rel}","templated":true}]}}